{"id":3874,"date":"2023-10-03T05:59:32","date_gmt":"2023-10-03T05:59:32","guid":{"rendered":"https:\/\/tplabs.co\/tombuild\/?page_id=3874"},"modified":"2024-09-13T07:15:20","modified_gmt":"2024-09-13T07:15:20","slug":"institutional","status":"publish","type":"page","link":"https:\/\/decam.com.tr\/en\/institutional\/","title":{"rendered":"INSTITUTIONAL"},"content":{"rendered":"\t\t<div data-elementor-type=\"wp-page\" data-elementor-id=\"3874\" class=\"elementor elementor-3874\" data-elementor-post-type=\"page\">\n\t\t\t\t\t\t<section class=\"elementor-section elementor-top-section elementor-element elementor-element-a6b6b20 elementor-section-boxed elementor-section-height-default elementor-section-height-default\" data-id=\"a6b6b20\" data-element_type=\"section\">\n\t\t\t\t\t\t<div class=\"elementor-container elementor-column-gap-default\">\n\t\t\t\t\t<div class=\"elementor-column elementor-col-100 elementor-top-column elementor-element elementor-element-28761d7\" data-id=\"28761d7\" data-element_type=\"column\">\n\t\t\t<div class=\"elementor-widget-wrap elementor-element-populated\">\n\t\t\t\t\t\t<div class=\"elementor-element elementor-element-f75a58f elementor-widget elementor-widget-mae-vertical-lines\" data-id=\"f75a58f\" data-element_type=\"widget\" data-widget_type=\"mae-vertical-lines.default\">\n\t\t\t\t<div class=\"elementor-widget-container\">\n\t\t\t        <div class=\"master-vertical-lines\">\n                            <div class=\"line elementor-repeater-item-1635f37\"><\/div> \n                            <div class=\"line elementor-repeater-item-8e93fdb\"><\/div> \n                            <div class=\"line elementor-repeater-item-ae0f20a\"><\/div> \n                            <div class=\"line elementor-repeater-item-298b641\"><\/div> \n                    <\/div>\n        \t\t<\/div>\n\t\t\t\t<\/div>\n\t\t\t\t\t<\/div>\n\t\t<\/div>\n\t\t\t\t\t<\/div>\n\t\t<\/section>\n\t\t\t\t<section class=\"elementor-section elementor-top-section elementor-element elementor-element-5277c0f elementor-section-boxed elementor-section-height-default elementor-section-height-default\" data-id=\"5277c0f\" data-element_type=\"section\">\n\t\t\t\t\t\t<div class=\"elementor-container elementor-column-gap-no\">\n\t\t\t\t\t<div class=\"elementor-column elementor-col-100 elementor-top-column elementor-element elementor-element-3f71296\" data-id=\"3f71296\" data-element_type=\"column\">\n\t\t\t<div class=\"elementor-widget-wrap elementor-element-populated\">\n\t\t\t\t\t\t<div class=\"elementor-element elementor-element-7baade2 elementor-widget elementor-widget-spacer\" data-id=\"7baade2\" data-element_type=\"widget\" data-widget_type=\"spacer.default\">\n\t\t\t\t<div class=\"elementor-widget-container\">\n\t\t\t<style>\/*! elementor - v3.23.0 - 05-08-2024 *\/\n.elementor-column .elementor-spacer-inner{height:var(--spacer-size)}.e-con{--container-widget-width:100%}.e-con-inner>.elementor-widget-spacer,.e-con>.elementor-widget-spacer{width:var(--container-widget-width,var(--spacer-size));--align-self:var(--container-widget-align-self,initial);--flex-shrink:0}.e-con-inner>.elementor-widget-spacer>.elementor-widget-container,.e-con>.elementor-widget-spacer>.elementor-widget-container{height:100%;width:100%}.e-con-inner>.elementor-widget-spacer>.elementor-widget-container>.elementor-spacer,.e-con>.elementor-widget-spacer>.elementor-widget-container>.elementor-spacer{height:100%}.e-con-inner>.elementor-widget-spacer>.elementor-widget-container>.elementor-spacer>.elementor-spacer-inner,.e-con>.elementor-widget-spacer>.elementor-widget-container>.elementor-spacer>.elementor-spacer-inner{height:var(--container-widget-height,var(--spacer-size))}.e-con-inner>.elementor-widget-spacer.elementor-widget-empty,.e-con>.elementor-widget-spacer.elementor-widget-empty{position:relative;min-height:22px;min-width:22px}.e-con-inner>.elementor-widget-spacer.elementor-widget-empty .elementor-widget-empty-icon,.e-con>.elementor-widget-spacer.elementor-widget-empty .elementor-widget-empty-icon{position:absolute;top:0;bottom:0;left:0;right:0;margin:auto;padding:0;width:22px;height:22px}<\/style>\t\t<div class=\"elementor-spacer\">\n\t\t\t<div class=\"elementor-spacer-inner\"><\/div>\n\t\t<\/div>\n\t\t\t\t<\/div>\n\t\t\t\t<\/div>\n\t\t\t\t<section class=\"elementor-section elementor-inner-section elementor-element elementor-element-f690eff elementor-section-content-middle elementor-section-boxed elementor-section-height-default elementor-section-height-default\" data-id=\"f690eff\" data-element_type=\"section\">\n\t\t\t\t\t\t<div class=\"elementor-container elementor-column-gap-default\">\n\t\t\t\t\t<div class=\"elementor-column elementor-col-50 elementor-inner-column elementor-element elementor-element-930d122\" data-id=\"930d122\" data-element_type=\"column\">\n\t\t\t<div class=\"elementor-widget-wrap elementor-element-populated\">\n\t\t\t\t\t\t<div class=\"elementor-element elementor-element-2f754aa image-width-full elementor-widget elementor-widget-mae-gallery-stack\" data-id=\"2f754aa\" data-element_type=\"widget\" data-widget_type=\"mae-gallery-stack.default\">\n\t\t\t\t<div class=\"elementor-widget-container\">\n\t\t\t\t\t<div class=\"master-gallery-stack\">\n\t\t\t<div class=\"master-fancy-image master-animation elementor-repeater-item-ff46b63 \" data-top=\"0px\" data-animation=\"reveal revealTop2\" data-calcHeight=\"no\">\n    \t\t\t\t\t\t\t\t\t<div class=\"image-wrap\"><img fetchpriority=\"high\" decoding=\"async\" width=\"550\" height=\"450\" src=\"https:\/\/decam.com.tr\/en\/wp-content\/uploads\/2024\/08\/decam-demir-insaat.png\" class=\"attachment-full size-full\" alt=\"\" srcset=\"https:\/\/decam.com.tr\/en\/wp-content\/uploads\/2024\/08\/decam-demir-insaat.png 550w, https:\/\/decam.com.tr\/en\/wp-content\/uploads\/2024\/08\/decam-demir-insaat-300x245.png 300w\" sizes=\"(max-width: 550px) 100vw, 550px\" \/><\/div>\n    \t\t\t\t\t\t\t\t<\/div><div class=\"master-fancy-image elementor-repeater-item-86b0de7 \" data-top=\"230px\" data-parallax='{\"x\" : 0, \"y\" : -50, \"smoothness\" : 30, \"rotateX\" : 0, \"rotateY\" : 0, \"rotateZ\" : 0}' data-calcHeight=\"yes\">\n    \t\t\t\t\t\t\t\t\t<div class=\"image-wrap\"><img decoding=\"async\" width=\"1024\" height=\"768\" src=\"https:\/\/decam.com.tr\/en\/wp-content\/uploads\/2024\/08\/insaat-mutahitlik-tahut-1.jpg\" class=\"attachment-full size-full\" alt=\"\" srcset=\"https:\/\/decam.com.tr\/en\/wp-content\/uploads\/2024\/08\/insaat-mutahitlik-tahut-1.jpg 1024w, https:\/\/decam.com.tr\/en\/wp-content\/uploads\/2024\/08\/insaat-mutahitlik-tahut-1-300x225.jpg 300w, https:\/\/decam.com.tr\/en\/wp-content\/uploads\/2024\/08\/insaat-mutahitlik-tahut-1-768x576.jpg 768w, https:\/\/decam.com.tr\/en\/wp-content\/uploads\/2024\/08\/insaat-mutahitlik-tahut-1-600x450.jpg 600w\" sizes=\"(max-width: 1024px) 100vw, 1024px\" \/><\/div>\n    \t\t\t\t\t\t\t\t<\/div><div class=\"master-fancy-image elementor-repeater-item-665753e rotating\" data-top=\"-70px\" data-calcHeight=\"no\">\n    \t\t\t\t\t\t\t\t\t\t<div class=\"image-wrap\"><img decoding=\"async\" width=\"141\" height=\"142\" src=\"https:\/\/decam.com.tr\/en\/wp-content\/uploads\/2023\/10\/page_about_V1.png\" class=\"attachment-full size-full\" alt=\"\" srcset=\"https:\/\/decam.com.tr\/en\/wp-content\/uploads\/2023\/10\/page_about_V1.png 141w, https:\/\/decam.com.tr\/en\/wp-content\/uploads\/2023\/10\/page_about_V1-100x100.png 100w, https:\/\/decam.com.tr\/en\/wp-content\/uploads\/2023\/10\/page_about_V1-70x70.png 70w\" sizes=\"(max-width: 141px) 100vw, 141px\" \/><\/div>\n    \t\t\t\t\t\t\t\t\t<\/div>\t\t<\/div>\n\t    \t\t<\/div>\n\t\t\t\t<\/div>\n\t\t\t\t\t<\/div>\n\t\t<\/div>\n\t\t\t\t<div class=\"elementor-column elementor-col-50 elementor-inner-column elementor-element elementor-element-656ac03\" data-id=\"656ac03\" data-element_type=\"column\">\n\t\t\t<div class=\"elementor-widget-wrap elementor-element-populated\">\n\t\t\t\t\t\t<div class=\"elementor-element elementor-element-72ad39f elementor-widget elementor-widget-heading\" data-id=\"72ad39f\" data-element_type=\"widget\" data-widget_type=\"heading.default\">\n\t\t\t\t<div class=\"elementor-widget-container\">\n\t\t\t<style>\/*! elementor - v3.23.0 - 05-08-2024 *\/\n.elementor-heading-title{padding:0;margin:0;line-height:1}.elementor-widget-heading .elementor-heading-title[class*=elementor-size-]>a{color:inherit;font-size:inherit;line-height:inherit}.elementor-widget-heading .elementor-heading-title.elementor-size-small{font-size:15px}.elementor-widget-heading .elementor-heading-title.elementor-size-medium{font-size:19px}.elementor-widget-heading .elementor-heading-title.elementor-size-large{font-size:29px}.elementor-widget-heading .elementor-heading-title.elementor-size-xl{font-size:39px}.elementor-widget-heading .elementor-heading-title.elementor-size-xxl{font-size:59px}<\/style><h2 class=\"elementor-heading-title elementor-size-default\">DE\u00c7AM IRON - CONSTRUCTION\n<\/h2>\t\t<\/div>\n\t\t\t\t<\/div>\n\t\t\t\t<div class=\"elementor-element elementor-element-74e90ac elementor-widget-divider--view-line elementor-widget elementor-widget-divider\" data-id=\"74e90ac\" data-element_type=\"widget\" data-widget_type=\"divider.default\">\n\t\t\t\t<div class=\"elementor-widget-container\">\n\t\t\t<style>\/*! elementor - v3.23.0 - 05-08-2024 *\/\n.elementor-widget-divider{--divider-border-style:none;--divider-border-width:1px;--divider-color:#0c0d0e;--divider-icon-size:20px;--divider-element-spacing:10px;--divider-pattern-height:24px;--divider-pattern-size:20px;--divider-pattern-url:none;--divider-pattern-repeat:repeat-x}.elementor-widget-divider .elementor-divider{display:flex}.elementor-widget-divider .elementor-divider__text{font-size:15px;line-height:1;max-width:95%}.elementor-widget-divider .elementor-divider__element{margin:0 var(--divider-element-spacing);flex-shrink:0}.elementor-widget-divider .elementor-icon{font-size:var(--divider-icon-size)}.elementor-widget-divider .elementor-divider-separator{display:flex;margin:0;direction:ltr}.elementor-widget-divider--view-line_icon .elementor-divider-separator,.elementor-widget-divider--view-line_text .elementor-divider-separator{align-items:center}.elementor-widget-divider--view-line_icon .elementor-divider-separator:after,.elementor-widget-divider--view-line_icon .elementor-divider-separator:before,.elementor-widget-divider--view-line_text .elementor-divider-separator:after,.elementor-widget-divider--view-line_text .elementor-divider-separator:before{display:block;content:\"\";border-block-end:0;flex-grow:1;border-block-start:var(--divider-border-width) var(--divider-border-style) var(--divider-color)}.elementor-widget-divider--element-align-left .elementor-divider .elementor-divider-separator>.elementor-divider__svg:first-of-type{flex-grow:0;flex-shrink:100}.elementor-widget-divider--element-align-left .elementor-divider-separator:before{content:none}.elementor-widget-divider--element-align-left .elementor-divider__element{margin-left:0}.elementor-widget-divider--element-align-right .elementor-divider .elementor-divider-separator>.elementor-divider__svg:last-of-type{flex-grow:0;flex-shrink:100}.elementor-widget-divider--element-align-right .elementor-divider-separator:after{content:none}.elementor-widget-divider--element-align-right .elementor-divider__element{margin-right:0}.elementor-widget-divider--element-align-start .elementor-divider .elementor-divider-separator>.elementor-divider__svg:first-of-type{flex-grow:0;flex-shrink:100}.elementor-widget-divider--element-align-start .elementor-divider-separator:before{content:none}.elementor-widget-divider--element-align-start .elementor-divider__element{margin-inline-start:0}.elementor-widget-divider--element-align-end .elementor-divider .elementor-divider-separator>.elementor-divider__svg:last-of-type{flex-grow:0;flex-shrink:100}.elementor-widget-divider--element-align-end .elementor-divider-separator:after{content:none}.elementor-widget-divider--element-align-end .elementor-divider__element{margin-inline-end:0}.elementor-widget-divider:not(.elementor-widget-divider--view-line_text):not(.elementor-widget-divider--view-line_icon) .elementor-divider-separator{border-block-start:var(--divider-border-width) var(--divider-border-style) var(--divider-color)}.elementor-widget-divider--separator-type-pattern{--divider-border-style:none}.elementor-widget-divider--separator-type-pattern.elementor-widget-divider--view-line .elementor-divider-separator,.elementor-widget-divider--separator-type-pattern:not(.elementor-widget-divider--view-line) .elementor-divider-separator:after,.elementor-widget-divider--separator-type-pattern:not(.elementor-widget-divider--view-line) .elementor-divider-separator:before,.elementor-widget-divider--separator-type-pattern:not([class*=elementor-widget-divider--view]) .elementor-divider-separator{width:100%;min-height:var(--divider-pattern-height);-webkit-mask-size:var(--divider-pattern-size) 100%;mask-size:var(--divider-pattern-size) 100%;-webkit-mask-repeat:var(--divider-pattern-repeat);mask-repeat:var(--divider-pattern-repeat);background-color:var(--divider-color);-webkit-mask-image:var(--divider-pattern-url);mask-image:var(--divider-pattern-url)}.elementor-widget-divider--no-spacing{--divider-pattern-size:auto}.elementor-widget-divider--bg-round{--divider-pattern-repeat:round}.rtl .elementor-widget-divider .elementor-divider__text{direction:rtl}.e-con-inner>.elementor-widget-divider,.e-con>.elementor-widget-divider{width:var(--container-widget-width,100%);--flex-grow:var(--container-widget-flex-grow)}<\/style>\t\t<div class=\"elementor-divider\">\n\t\t\t<span class=\"elementor-divider-separator\">\n\t\t\t\t\t\t<\/span>\n\t\t<\/div>\n\t\t\t\t<\/div>\n\t\t\t\t<\/div>\n\t\t\t\t<div class=\"elementor-element elementor-element-30563e6 elementor-widget elementor-widget-text-editor\" data-id=\"30563e6\" data-element_type=\"widget\" data-widget_type=\"text-editor.default\">\n\t\t\t\t<div class=\"elementor-widget-container\">\n\t\t\t<style>\/*! elementor - v3.23.0 - 05-08-2024 *\/\n.elementor-widget-text-editor.elementor-drop-cap-view-stacked .elementor-drop-cap{background-color:#69727d;color:#fff}.elementor-widget-text-editor.elementor-drop-cap-view-framed .elementor-drop-cap{color:#69727d;border:3px solid;background-color:transparent}.elementor-widget-text-editor:not(.elementor-drop-cap-view-default) .elementor-drop-cap{margin-top:8px}.elementor-widget-text-editor:not(.elementor-drop-cap-view-default) .elementor-drop-cap-letter{width:1em;height:1em}.elementor-widget-text-editor .elementor-drop-cap{float:left;text-align:center;line-height:1;font-size:50px}.elementor-widget-text-editor .elementor-drop-cap-letter{display:inline-block}<\/style>\t\t\t\tDecam Paslanmaz ve Demir \u0130n\u015faat is a well-established company that has been operating in the construction and metal processing sector for many years. The company specializes in the production, processing and assembly of durable materials such as stainless steel and iron. It always prioritizes customer satisfaction with its products produced in accordance with high quality standards.\n<br><br>\nDecam Paslanmaz offers a wide range of services in the construction industry. It operates in many fields, from iron and steel constructions used in construction projects to special design metal works. With its strong technical infrastructure and experienced staff, it works meticulously at every stage of the projects and offers aesthetic and functional solutions.\n<br><br>\nThe company also has a wide range of stainless steel products that stand out with their durability and aesthetic features. It produces stainless steel products in industrial kitchen equipment, railing systems, specially designed metal products and many more areas.\n<br><br>\nDecam Paslanmaz ve Demir \u0130n\u015faat stands out as one of the leading companies in the sector with its customer-oriented approach, quality service approach and innovative solutions.\t\t\t\t\t\t<\/div>\n\t\t\t\t<\/div>\n\t\t\t\t\t<\/div>\n\t\t<\/div>\n\t\t\t\t\t<\/div>\n\t\t<\/section>\n\t\t\t\t<div class=\"elementor-element elementor-element-c33b84b elementor-widget elementor-widget-spacer\" data-id=\"c33b84b\" data-element_type=\"widget\" data-widget_type=\"spacer.default\">\n\t\t\t\t<div class=\"elementor-widget-container\">\n\t\t\t\t\t<div class=\"elementor-spacer\">\n\t\t\t<div class=\"elementor-spacer-inner\"><\/div>\n\t\t<\/div>\n\t\t\t\t<\/div>\n\t\t\t\t<\/div>\n\t\t\t\t\t<\/div>\n\t\t<\/div>\n\t\t\t\t\t<\/div>\n\t\t<\/section>\n\t\t\t\t<\/div>\n\t\t","protected":false},"excerpt":{"rendered":"<p>DE\u00c7AM IRON &#8211; CONSTRUCTION Decam Paslanmaz ve Demir \u0130n\u015faat is a well-established company that has been operating in the construction and metal processing sector for many years. The company specializes in the production, processing and assembly of durable materials such as stainless steel and iron. It always prioritizes customer satisfaction<\/p>\n","protected":false},"author":1,"featured_media":0,"parent":0,"menu_order":0,"comment_status":"closed","ping_status":"closed","template":"","meta":{"_monsterinsights_skip_tracking":false,"_monsterinsights_sitenote_active":false,"_monsterinsights_sitenote_note":"","_monsterinsights_sitenote_category":0,"footnotes":""},"class_list":["post-3874","page","type-page","status-publish","hentry"],"aioseo_notices":[],"_links":{"self":[{"href":"https:\/\/decam.com.tr\/en\/wp-json\/wp\/v2\/pages\/3874","targetHints":{"allow":["GET"]}}],"collection":[{"href":"https:\/\/decam.com.tr\/en\/wp-json\/wp\/v2\/pages"}],"about":[{"href":"https:\/\/decam.com.tr\/en\/wp-json\/wp\/v2\/types\/page"}],"author":[{"embeddable":true,"href":"https:\/\/decam.com.tr\/en\/wp-json\/wp\/v2\/users\/1"}],"replies":[{"embeddable":true,"href":"https:\/\/decam.com.tr\/en\/wp-json\/wp\/v2\/comments?post=3874"}],"version-history":[{"count":11,"href":"https:\/\/decam.com.tr\/en\/wp-json\/wp\/v2\/pages\/3874\/revisions"}],"predecessor-version":[{"id":6248,"href":"https:\/\/decam.com.tr\/en\/wp-json\/wp\/v2\/pages\/3874\/revisions\/6248"}],"wp:attachment":[{"href":"https:\/\/decam.com.tr\/en\/wp-json\/wp\/v2\/media?parent=3874"}],"curies":[{"name":"wp","href":"https:\/\/api.w.org\/{rel}","templated":true}]}}