{"id":5293,"date":"2023-10-13T02:06:47","date_gmt":"2023-10-13T02:06:47","guid":{"rendered":"https:\/\/tplabs.co\/tombuild\/?page_id=5293"},"modified":"2024-09-13T07:22:09","modified_gmt":"2024-09-13T07:22:09","slug":"our-services","status":"publish","type":"page","link":"https:\/\/decam.com.tr\/en\/our-services\/","title":{"rendered":"OUR SERVICES"},"content":{"rendered":"\t\t<div data-elementor-type=\"wp-page\" data-elementor-id=\"5293\" class=\"elementor elementor-5293\" data-elementor-post-type=\"page\">\n\t\t\t\t\t\t<section class=\"elementor-section elementor-top-section elementor-element elementor-element-d02f3ac elementor-section-boxed elementor-section-height-default elementor-section-height-default\" data-id=\"d02f3ac\" data-element_type=\"section\">\n\t\t\t\t\t\t<div class=\"elementor-container elementor-column-gap-default\">\n\t\t\t\t\t<div class=\"elementor-column elementor-col-100 elementor-top-column elementor-element elementor-element-ae4c1dd\" data-id=\"ae4c1dd\" data-element_type=\"column\">\n\t\t\t<div class=\"elementor-widget-wrap elementor-element-populated\">\n\t\t\t\t<div class=\"elementor-element elementor-element-1837fb9 e-flex e-con-boxed e-con e-parent\" data-id=\"1837fb9\" data-element_type=\"container\">\n\t\t\t\t\t<div class=\"e-con-inner\">\n\t\t\t\t<div class=\"elementor-element elementor-element-2496f9d elementor-widget elementor-widget-spacer\" data-id=\"2496f9d\" data-element_type=\"widget\" data-widget_type=\"spacer.default\">\n\t\t\t\t<div class=\"elementor-widget-container\">\n\t\t\t<style>\/*! elementor - v3.23.0 - 05-08-2024 *\/\n.elementor-column .elementor-spacer-inner{height:var(--spacer-size)}.e-con{--container-widget-width:100%}.e-con-inner>.elementor-widget-spacer,.e-con>.elementor-widget-spacer{width:var(--container-widget-width,var(--spacer-size));--align-self:var(--container-widget-align-self,initial);--flex-shrink:0}.e-con-inner>.elementor-widget-spacer>.elementor-widget-container,.e-con>.elementor-widget-spacer>.elementor-widget-container{height:100%;width:100%}.e-con-inner>.elementor-widget-spacer>.elementor-widget-container>.elementor-spacer,.e-con>.elementor-widget-spacer>.elementor-widget-container>.elementor-spacer{height:100%}.e-con-inner>.elementor-widget-spacer>.elementor-widget-container>.elementor-spacer>.elementor-spacer-inner,.e-con>.elementor-widget-spacer>.elementor-widget-container>.elementor-spacer>.elementor-spacer-inner{height:var(--container-widget-height,var(--spacer-size))}.e-con-inner>.elementor-widget-spacer.elementor-widget-empty,.e-con>.elementor-widget-spacer.elementor-widget-empty{position:relative;min-height:22px;min-width:22px}.e-con-inner>.elementor-widget-spacer.elementor-widget-empty .elementor-widget-empty-icon,.e-con>.elementor-widget-spacer.elementor-widget-empty .elementor-widget-empty-icon{position:absolute;top:0;bottom:0;left:0;right:0;margin:auto;padding:0;width:22px;height:22px}<\/style>\t\t<div class=\"elementor-spacer\">\n\t\t\t<div class=\"elementor-spacer-inner\"><\/div>\n\t\t<\/div>\n\t\t\t\t<\/div>\n\t\t\t\t<\/div>\n\t\t\t\t\t<\/div>\n\t\t\t\t<\/div>\n\t\t\t\t\t<\/div>\n\t\t<\/div>\n\t\t\t\t\t<\/div>\n\t\t<\/section>\n\t\t\t\t<section class=\"elementor-section elementor-top-section elementor-element elementor-element-b1fdd07 elementor-section-boxed elementor-section-height-default elementor-section-height-default\" data-id=\"b1fdd07\" data-element_type=\"section\">\n\t\t\t\t\t\t<div class=\"elementor-container elementor-column-gap-no\">\n\t\t\t\t\t<div class=\"elementor-column elementor-col-100 elementor-top-column elementor-element elementor-element-40cc68d\" data-id=\"40cc68d\" data-element_type=\"column\">\n\t\t\t<div class=\"elementor-widget-wrap elementor-element-populated\">\n\t\t\t\t\t\t<section class=\"elementor-section elementor-inner-section elementor-element elementor-element-dfac390 elementor-section-boxed elementor-section-height-default elementor-section-height-default\" data-id=\"dfac390\" data-element_type=\"section\">\n\t\t\t\t\t\t<div class=\"elementor-container elementor-column-gap-default\">\n\t\t\t\t\t<div class=\"elementor-column elementor-col-33 elementor-inner-column elementor-element elementor-element-abe2e23\" data-id=\"abe2e23\" data-element_type=\"column\">\n\t\t\t<div class=\"elementor-widget-wrap elementor-element-populated\">\n\t\t\t\t\t\t<div class=\"elementor-element elementor-element-54797c4 hover-eff-5 image-box-style-1 elementor-widget elementor-widget-mae-image-box\" data-id=\"54797c4\" data-element_type=\"widget\" data-widget_type=\"mae-image-box.default\">\n\t\t\t\t<div class=\"elementor-widget-container\">\n\t\t\t                <div class=\"master-image-box \">\n                            <div class=\"thumb\"><div class=\"inner\"><img fetchpriority=\"high\" decoding=\"async\" width=\"1024\" height=\"768\" src=\"https:\/\/decam.com.tr\/en\/wp-content\/uploads\/2024\/08\/deniz-yuzeyi-temizleme.jpg\" class=\"attachment-full size-full\" alt=\"\" srcset=\"https:\/\/decam.com.tr\/en\/wp-content\/uploads\/2024\/08\/deniz-yuzeyi-temizleme.jpg 1024w, https:\/\/decam.com.tr\/en\/wp-content\/uploads\/2024\/08\/deniz-yuzeyi-temizleme-300x225.jpg 300w, https:\/\/decam.com.tr\/en\/wp-content\/uploads\/2024\/08\/deniz-yuzeyi-temizleme-768x576.jpg 768w, https:\/\/decam.com.tr\/en\/wp-content\/uploads\/2024\/08\/deniz-yuzeyi-temizleme-600x450.jpg 600w\" sizes=\"(max-width: 1024px) 100vw, 1024px\" \/><\/div><\/div>\n                <div class=\"content-wrap\">\n                    <h2 class=\"headline-2\"><a href=\"https:\/\/decam.com.tr\/en\/hizmetlerimiz\/deniz-yuzeyi-temizleme\/\">Deniz Y\u00fczeyi Temizleme <span class=\"line\"><\/span><\/a><\/h2>                <\/div>\n                <a class=\"url-hidden\" href=\"https:\/\/decam.com.tr\/en\/hizmetlerimiz\/deniz-yuzeyi-temizleme\/\"><\/a>                    <\/div>\n        \t\t<\/div>\n\t\t\t\t<\/div>\n\t\t\t\t\t<\/div>\n\t\t<\/div>\n\t\t\t\t<div class=\"elementor-column elementor-col-33 elementor-inner-column elementor-element elementor-element-0e0929e\" data-id=\"0e0929e\" data-element_type=\"column\">\n\t\t\t<div class=\"elementor-widget-wrap elementor-element-populated\">\n\t\t\t\t\t\t<div class=\"elementor-element elementor-element-0914aea hover-eff-5 image-box-style-1 elementor-widget elementor-widget-mae-image-box\" data-id=\"0914aea\" data-element_type=\"widget\" data-widget_type=\"mae-image-box.default\">\n\t\t\t\t<div class=\"elementor-widget-container\">\n\t\t\t                <div class=\"master-image-box \">\n                            <div class=\"thumb\"><div class=\"inner\"><img decoding=\"async\" width=\"1024\" height=\"768\" src=\"https:\/\/decam.com.tr\/en\/wp-content\/uploads\/2024\/08\/plaj-sahil-tas-kirma-hizmeti.jpg\" class=\"attachment-full size-full\" alt=\"\" srcset=\"https:\/\/decam.com.tr\/en\/wp-content\/uploads\/2024\/08\/plaj-sahil-tas-kirma-hizmeti.jpg 1024w, https:\/\/decam.com.tr\/en\/wp-content\/uploads\/2024\/08\/plaj-sahil-tas-kirma-hizmeti-300x225.jpg 300w, https:\/\/decam.com.tr\/en\/wp-content\/uploads\/2024\/08\/plaj-sahil-tas-kirma-hizmeti-768x576.jpg 768w, https:\/\/decam.com.tr\/en\/wp-content\/uploads\/2024\/08\/plaj-sahil-tas-kirma-hizmeti-600x450.jpg 600w\" sizes=\"(max-width: 1024px) 100vw, 1024px\" \/><\/div><\/div>\n                <div class=\"content-wrap\">\n                    <h2 class=\"headline-2\"><a href=\"https:\/\/decam.com.tr\/en\/hizmetlerimiz\/plaj-sahil-tas-kirma-temizleme\/\">Plaj - Sahil ta\u015f k\u0131rma temizleme<span class=\"line\"><\/span><\/a><\/h2>                <\/div>\n                <a class=\"url-hidden\" href=\"https:\/\/decam.com.tr\/en\/hizmetlerimiz\/plaj-sahil-tas-kirma-temizleme\/\"><\/a>                    <\/div>\n        \t\t<\/div>\n\t\t\t\t<\/div>\n\t\t\t\t\t<\/div>\n\t\t<\/div>\n\t\t\t\t<div class=\"elementor-column elementor-col-33 elementor-inner-column elementor-element elementor-element-9a55fd3\" data-id=\"9a55fd3\" data-element_type=\"column\">\n\t\t\t<div class=\"elementor-widget-wrap elementor-element-populated\">\n\t\t\t\t\t\t<div class=\"elementor-element elementor-element-e30e4ce elementor-widget__width-auto elementor-absolute elementor-widget elementor-widget-html\" data-id=\"e30e4ce\" data-element_type=\"widget\" data-settings=\"{&quot;_position&quot;:&quot;absolute&quot;}\" data-widget_type=\"html.default\">\n\t\t\t\t<div class=\"elementor-widget-container\">\n\t\t\t<div class=\"decor-grid\">\n    <div class=\"r r1\"><\/div>\n    <div class=\"r r2\"><\/div>\n    <div class=\"r r3\"><\/div>\n    <div class=\"r r4\"><\/div>\n    <div class=\"r r5\"><\/div>\n    <div class=\"r r6\"><\/div>\n    <div class=\"c c1\"><\/div>\n    <div class=\"c c2\"><\/div>\n    <div class=\"c c3\"><\/div>\n    <div class=\"c c4\"><\/div>\n    <div class=\"c c5\"><\/div>\n    <div class=\"c c6\"><\/div>\n<\/div>\t\t<\/div>\n\t\t\t\t<\/div>\n\t\t\t\t<div class=\"elementor-element elementor-element-7528b81 hover-eff-5 image-box-style-1 elementor-widget elementor-widget-mae-image-box\" data-id=\"7528b81\" data-element_type=\"widget\" data-widget_type=\"mae-image-box.default\">\n\t\t\t\t<div class=\"elementor-widget-container\">\n\t\t\t                <div class=\"master-image-box \">\n                            <div class=\"thumb\"><div class=\"inner\"><img decoding=\"async\" width=\"1024\" height=\"768\" src=\"https:\/\/decam.com.tr\/en\/wp-content\/uploads\/2024\/08\/peyzaj-ve-cevre-duzenleme.jpg\" class=\"attachment-full size-full\" alt=\"\" srcset=\"https:\/\/decam.com.tr\/en\/wp-content\/uploads\/2024\/08\/peyzaj-ve-cevre-duzenleme.jpg 1024w, https:\/\/decam.com.tr\/en\/wp-content\/uploads\/2024\/08\/peyzaj-ve-cevre-duzenleme-300x225.jpg 300w, https:\/\/decam.com.tr\/en\/wp-content\/uploads\/2024\/08\/peyzaj-ve-cevre-duzenleme-768x576.jpg 768w, https:\/\/decam.com.tr\/en\/wp-content\/uploads\/2024\/08\/peyzaj-ve-cevre-duzenleme-600x450.jpg 600w\" sizes=\"(max-width: 1024px) 100vw, 1024px\" \/><\/div><\/div>\n                <div class=\"content-wrap\">\n                    <h2 class=\"headline-2\"><a href=\"https:\/\/decam.com.tr\/en\/hizmetlerimiz\/peysaj-ve-cevre-duzenleme\/\">Peysaj ve \u00e7evre d\u00fczenleme<span class=\"line\"><\/span><\/a><\/h2>                <\/div>\n                <a class=\"url-hidden\" href=\"https:\/\/decam.com.tr\/en\/hizmetlerimiz\/peysaj-ve-cevre-duzenleme\/\"><\/a>                    <\/div>\n        \t\t<\/div>\n\t\t\t\t<\/div>\n\t\t\t\t\t<\/div>\n\t\t<\/div>\n\t\t\t\t\t<\/div>\n\t\t<\/section>\n\t\t\t\t<section class=\"elementor-section elementor-inner-section elementor-element elementor-element-f7a576c elementor-section-boxed elementor-section-height-default elementor-section-height-default\" data-id=\"f7a576c\" data-element_type=\"section\">\n\t\t\t\t\t\t<div class=\"elementor-container elementor-column-gap-default\">\n\t\t\t\t\t<div class=\"elementor-column elementor-col-33 elementor-inner-column elementor-element elementor-element-1677352\" data-id=\"1677352\" data-element_type=\"column\">\n\t\t\t<div class=\"elementor-widget-wrap elementor-element-populated\">\n\t\t\t\t\t\t<div class=\"elementor-element elementor-element-208b678 hover-eff-5 image-box-style-1 elementor-widget elementor-widget-mae-image-box\" data-id=\"208b678\" data-element_type=\"widget\" data-widget_type=\"mae-image-box.default\">\n\t\t\t\t<div class=\"elementor-widget-container\">\n\t\t\t                <div class=\"master-image-box \">\n                            <div class=\"thumb\"><div class=\"inner\"><img loading=\"lazy\" decoding=\"async\" width=\"1024\" height=\"768\" src=\"https:\/\/decam.com.tr\/en\/wp-content\/uploads\/2024\/08\/hizmet-araclari-bakim-ve-onarimi.jpg\" class=\"attachment-full size-full\" alt=\"\" srcset=\"https:\/\/decam.com.tr\/en\/wp-content\/uploads\/2024\/08\/hizmet-araclari-bakim-ve-onarimi.jpg 1024w, https:\/\/decam.com.tr\/en\/wp-content\/uploads\/2024\/08\/hizmet-araclari-bakim-ve-onarimi-300x225.jpg 300w, https:\/\/decam.com.tr\/en\/wp-content\/uploads\/2024\/08\/hizmet-araclari-bakim-ve-onarimi-768x576.jpg 768w, https:\/\/decam.com.tr\/en\/wp-content\/uploads\/2024\/08\/hizmet-araclari-bakim-ve-onarimi-600x450.jpg 600w\" sizes=\"(max-width: 1024px) 100vw, 1024px\" \/><\/div><\/div>\n                <div class=\"content-wrap\">\n                    <h2 class=\"headline-2\"><a href=\"https:\/\/decam.com.tr\/en\/hizmetlerimiz\/hizmet-araclari-bakim-ve-onarim\/\">Hizmet ara\u00e7lar\u0131 bak\u0131m ve onar\u0131m<span class=\"line\"><\/span><\/a><\/h2>                <\/div>\n                <a class=\"url-hidden\" href=\"https:\/\/decam.com.tr\/en\/hizmetlerimiz\/hizmet-araclari-bakim-ve-onarim\/\"><\/a>                    <\/div>\n        \t\t<\/div>\n\t\t\t\t<\/div>\n\t\t\t\t\t<\/div>\n\t\t<\/div>\n\t\t\t\t<div class=\"elementor-column elementor-col-33 elementor-inner-column elementor-element elementor-element-0eb5fc7\" data-id=\"0eb5fc7\" data-element_type=\"column\">\n\t\t\t<div class=\"elementor-widget-wrap elementor-element-populated\">\n\t\t\t\t\t\t<div class=\"elementor-element elementor-element-d380e9f hover-eff-5 image-box-style-1 elementor-widget elementor-widget-mae-image-box\" data-id=\"d380e9f\" data-element_type=\"widget\" data-widget_type=\"mae-image-box.default\">\n\t\t\t\t<div class=\"elementor-widget-container\">\n\t\t\t                <div class=\"master-image-box \">\n                            <div class=\"thumb\"><div class=\"inner\"><img loading=\"lazy\" decoding=\"async\" width=\"1024\" height=\"768\" src=\"https:\/\/decam.com.tr\/en\/wp-content\/uploads\/2024\/08\/insaat-mutahitlik-tahut-1.jpg\" class=\"attachment-full size-full\" alt=\"\" srcset=\"https:\/\/decam.com.tr\/en\/wp-content\/uploads\/2024\/08\/insaat-mutahitlik-tahut-1.jpg 1024w, https:\/\/decam.com.tr\/en\/wp-content\/uploads\/2024\/08\/insaat-mutahitlik-tahut-1-300x225.jpg 300w, https:\/\/decam.com.tr\/en\/wp-content\/uploads\/2024\/08\/insaat-mutahitlik-tahut-1-768x576.jpg 768w, https:\/\/decam.com.tr\/en\/wp-content\/uploads\/2024\/08\/insaat-mutahitlik-tahut-1-600x450.jpg 600w\" sizes=\"(max-width: 1024px) 100vw, 1024px\" \/><\/div><\/div>\n                <div class=\"content-wrap\">\n                    <h2 class=\"headline-2\"><a href=\"https:\/\/decam.com.tr\/en\/hizmetlerimiz\/insaat-taahhut-mutahitlik-proje\/\">\u0130n\u015faat - Taahh\u00fct - M\u00fctahitlik - Proje<span class=\"line\"><\/span><\/a><\/h2>                <\/div>\n                <a class=\"url-hidden\" href=\"https:\/\/decam.com.tr\/en\/hizmetlerimiz\/insaat-taahhut-mutahitlik-proje\/\"><\/a>                    <\/div>\n        \t\t<\/div>\n\t\t\t\t<\/div>\n\t\t\t\t\t<\/div>\n\t\t<\/div>\n\t\t\t\t<div class=\"elementor-column elementor-col-33 elementor-inner-column elementor-element elementor-element-3a28ffc\" data-id=\"3a28ffc\" data-element_type=\"column\">\n\t\t\t<div class=\"elementor-widget-wrap elementor-element-populated\">\n\t\t\t\t\t\t<div class=\"elementor-element elementor-element-623b671 elementor-widget__width-auto elementor-absolute elementor-widget elementor-widget-html\" data-id=\"623b671\" data-element_type=\"widget\" data-settings=\"{&quot;_position&quot;:&quot;absolute&quot;}\" data-widget_type=\"html.default\">\n\t\t\t\t<div class=\"elementor-widget-container\">\n\t\t\t<div class=\"decor-grid\">\n    <div class=\"r r1\"><\/div>\n    <div class=\"r r2\"><\/div>\n    <div class=\"r r3\"><\/div>\n    <div class=\"r r4\"><\/div>\n    <div class=\"r r5\"><\/div>\n    <div class=\"r r6\"><\/div>\n    <div class=\"c c1\"><\/div>\n    <div class=\"c c2\"><\/div>\n    <div class=\"c c3\"><\/div>\n    <div class=\"c c4\"><\/div>\n    <div class=\"c c5\"><\/div>\n    <div class=\"c c6\"><\/div>\n<\/div>\t\t<\/div>\n\t\t\t\t<\/div>\n\t\t\t\t<div class=\"elementor-element elementor-element-cddb2b2 hover-eff-5 image-box-style-1 elementor-widget elementor-widget-mae-image-box\" data-id=\"cddb2b2\" data-element_type=\"widget\" data-widget_type=\"mae-image-box.default\">\n\t\t\t\t<div class=\"elementor-widget-container\">\n\t\t\t                <div class=\"master-image-box \">\n                            <div class=\"thumb\"><div class=\"inner\"><img loading=\"lazy\" decoding=\"async\" width=\"1024\" height=\"768\" src=\"https:\/\/decam.com.tr\/en\/wp-content\/uploads\/2024\/08\/tabut-tasarim-ve-imalat.jpg\" class=\"attachment-full size-full\" alt=\"\" srcset=\"https:\/\/decam.com.tr\/en\/wp-content\/uploads\/2024\/08\/tabut-tasarim-ve-imalat.jpg 1024w, https:\/\/decam.com.tr\/en\/wp-content\/uploads\/2024\/08\/tabut-tasarim-ve-imalat-300x225.jpg 300w, https:\/\/decam.com.tr\/en\/wp-content\/uploads\/2024\/08\/tabut-tasarim-ve-imalat-768x576.jpg 768w, https:\/\/decam.com.tr\/en\/wp-content\/uploads\/2024\/08\/tabut-tasarim-ve-imalat-600x450.jpg 600w\" sizes=\"(max-width: 1024px) 100vw, 1024px\" \/><\/div><\/div>\n                <div class=\"content-wrap\">\n                    <h2 class=\"headline-2\"><a href=\"https:\/\/decam.com.tr\/en\/hizmetlerimiz\/insaat-taahhut-mutahitlik-proje\/\">Tabut tasar\u0131m ve imalat<span class=\"line\"><\/span><\/a><\/h2>                <\/div>\n                <a class=\"url-hidden\" href=\"https:\/\/decam.com.tr\/en\/hizmetlerimiz\/insaat-taahhut-mutahitlik-proje\/\"><\/a>                    <\/div>\n        \t\t<\/div>\n\t\t\t\t<\/div>\n\t\t\t\t\t<\/div>\n\t\t<\/div>\n\t\t\t\t\t<\/div>\n\t\t<\/section>\n\t\t\t\t<div class=\"elementor-element elementor-element-16be1b7 elementor-widget elementor-widget-spacer\" data-id=\"16be1b7\" data-element_type=\"widget\" data-widget_type=\"spacer.default\">\n\t\t\t\t<div class=\"elementor-widget-container\">\n\t\t\t\t\t<div class=\"elementor-spacer\">\n\t\t\t<div class=\"elementor-spacer-inner\"><\/div>\n\t\t<\/div>\n\t\t\t\t<\/div>\n\t\t\t\t<\/div>\n\t\t\t\t\t<\/div>\n\t\t<\/div>\n\t\t\t\t\t<\/div>\n\t\t<\/section>\n\t\t<div class=\"elementor-element elementor-element-d737b31 e-flex e-con-boxed e-con e-parent\" data-id=\"d737b31\" data-element_type=\"container\">\n\t\t\t\t\t<div class=\"e-con-inner\">\n\t\t\t\t<div class=\"elementor-element elementor-element-6d9a28b elementor-widget elementor-widget-spacer\" data-id=\"6d9a28b\" data-element_type=\"widget\" data-widget_type=\"spacer.default\">\n\t\t\t\t<div class=\"elementor-widget-container\">\n\t\t\t\t\t<div class=\"elementor-spacer\">\n\t\t\t<div class=\"elementor-spacer-inner\"><\/div>\n\t\t<\/div>\n\t\t\t\t<\/div>\n\t\t\t\t<\/div>\n\t\t\t\t\t<\/div>\n\t\t\t\t<\/div>\n\t\t<div class=\"elementor-element elementor-element-20edd17 e-flex e-con-boxed e-con e-parent\" data-id=\"20edd17\" data-element_type=\"container\">\n\t\t\t\t\t<div class=\"e-con-inner\">\n\t\t\t\t\t<\/div>\n\t\t\t\t<\/div>\n\t\t\t\t<\/div>\n\t\t","protected":false},"excerpt":{"rendered":"<p>OUR SERVICES Deniz Y\u00fczeyi Temizleme Plaj &#8211; Sahil ta\u015f k\u0131rma temizleme Peysaj ve \u00e7evre d\u00fczenleme Hizmet ara\u00e7lar\u0131 bak\u0131m ve onar\u0131m \u0130n\u015faat &#8211; Taahh\u00fct &#8211; M\u00fctahitlik &#8211; Proje Tabut tasar\u0131m ve imalat<\/p>\n","protected":false},"author":1,"featured_media":0,"parent":0,"menu_order":0,"comment_status":"closed","ping_status":"closed","template":"","meta":{"_monsterinsights_skip_tracking":false,"_monsterinsights_sitenote_active":false,"_monsterinsights_sitenote_note":"","_monsterinsights_sitenote_category":0,"footnotes":""},"class_list":["post-5293","page","type-page","status-publish","hentry"],"aioseo_notices":[],"_links":{"self":[{"href":"https:\/\/decam.com.tr\/en\/wp-json\/wp\/v2\/pages\/5293","targetHints":{"allow":["GET"]}}],"collection":[{"href":"https:\/\/decam.com.tr\/en\/wp-json\/wp\/v2\/pages"}],"about":[{"href":"https:\/\/decam.com.tr\/en\/wp-json\/wp\/v2\/types\/page"}],"author":[{"embeddable":true,"href":"https:\/\/decam.com.tr\/en\/wp-json\/wp\/v2\/users\/1"}],"replies":[{"embeddable":true,"href":"https:\/\/decam.com.tr\/en\/wp-json\/wp\/v2\/comments?post=5293"}],"version-history":[{"count":14,"href":"https:\/\/decam.com.tr\/en\/wp-json\/wp\/v2\/pages\/5293\/revisions"}],"predecessor-version":[{"id":6260,"href":"https:\/\/decam.com.tr\/en\/wp-json\/wp\/v2\/pages\/5293\/revisions\/6260"}],"wp:attachment":[{"href":"https:\/\/decam.com.tr\/en\/wp-json\/wp\/v2\/media?parent=5293"}],"curies":[{"name":"wp","href":"https:\/\/api.w.org\/{rel}","templated":true}]}}